{"id":1074,"date":"2026-01-13T20:50:14","date_gmt":"2026-01-13T20:50:14","guid":{"rendered":"https:\/\/seldalur.vefir.net\/kerling\/?page_id=1074"},"modified":"2026-03-09T23:04:29","modified_gmt":"2026-03-09T23:04:29","slug":"ornefni","status":"publish","type":"page","link":"https:\/\/www.kerling.is\/index.php\/ornefni\/","title":{"rendered":"\u00d6rnefni"},"content":{"rendered":"\n<figure class=\"wp-block-table\"><table class=\"has-fixed-layout\"><tbody><tr><td><a href=\"https:\/\/seldalur.vefir.net\/kerling\/?s=Afr%C3%A9tt\"><a href=\"https:\/\/seldalur.vefir.net\/kerling\/?s=Afr%C3%A9tt\">Afr\u00e9tt<\/a><\/a><\/td><td><\/td><\/tr><tr><td><a href=\"https:\/\/seldalur.vefir.net\/kerling\/?s=%C3%81lfahraun\">\u00c1lfahraun<\/a><\/td><td><\/td><\/tr><tr><td><a href=\"https:\/\/seldalur.vefir.net\/kerling\/?s=%C3%81rnat%C3%B3ft%20or%20merki\"><a href=\"https:\/\/seldalur.vefir.net\/kerling\/?s=%C3%81rnat%C3%B3ft%20or%20merki\">\u00c1rnat\u00f3ft<\/a><\/a><\/td><td><\/td><\/tr><tr><td><a href=\"https:\/\/seldalur.vefir.net\/kerling\/?s=B%C3%A6jarst%C3%A6%C3%B0i\">Bar\u00f0ahaugur<\/a><\/td><td><\/td><\/tr><tr><td><a href=\"https:\/\/seldalur.vefir.net\/kerling\/?s=Bar%C3%B0atangi\">Bar\u00f0atangi<\/a><\/td><td><\/td><\/tr><tr><td><a href=\"https:\/\/seldalur.vefir.net\/kerling\/?s=Bar%C3%B0snes\">Bar\u00f0snes<\/a><\/td><td><\/td><\/tr><tr><td><a href=\"https:\/\/seldalur.vefir.net\/kerling\/?s=Bar%C3%B0snesb%C3%A6ir\">Bar\u00f0snesb\u00e6ir<\/a><\/td><td><\/td><\/tr><tr><td><a href=\"https:\/\/seldalur.vefir.net\/kerling\/?s=Bar%C3%B0snesb%C3%A1s\">Bar\u00f0snesb\u00e1s<\/a><\/td><td><\/td><\/tr><tr><td><a href=\"https:\/\/seldalur.vefir.net\/kerling\/?s=Bar%C3%B0sneshorn\">Bar\u00f0sneshorn<\/a><\/td><td><\/td><\/tr><tr><td><a href=\"https:\/\/seldalur.vefir.net\/kerling\/?s=B%C3%A1sh%C3%BAs\">B\u00e1sh\u00fas<\/a><\/td><td><\/td><\/tr><tr><td><a href=\"https:\/\/seldalur.vefir.net\/kerling\/?s=Berg%C3%A1\">Berg\u00e1<\/a><\/td><td><\/td><\/tr><tr><td><a href=\"https:\/\/seldalur.vefir.net\/kerling\/?s=Bjarnaborgartangi\">Bjarnaborgartangi<\/a><\/td><td><\/td><\/tr><tr><td><a href=\"https:\/\/seldalur.vefir.net\/kerling\/?s=Bj%C3%B6rnsh%C3%BAs\">Bj\u00f6rnsh\u00fas<\/a><\/td><td><\/td><\/tr><tr><td><a href=\"https:\/\/seldalur.vefir.net\/kerling\/?s=B%C3%B3lav%C3%ADk\">B\u00f3lav\u00edk<\/a><\/td><td><\/td><\/tr><tr><td><a href=\"https:\/\/seldalur.vefir.net\/kerling\/?s=Borg+\">Borg<\/a><\/td><td><\/td><\/tr><tr><td><a href=\"https:\/\/seldalur.vefir.net\/kerling\/?s=Borgareyri\">Borgareyri<\/a><\/td><td><\/td><\/tr><tr><td><a href=\"https:\/\/seldalur.vefir.net\/kerling\/?s=Borgir\">Borgir<\/a><\/td><td><\/td><\/tr><tr><td><a href=\"https:\/\/seldalur.vefir.net\/kerling\/?s=Br%C3%A6%C3%B0rasand\">Br\u00e6\u00f0rasandur<\/a><\/td><td><\/td><\/tr><tr><td><a href=\"https:\/\/seldalur.vefir.net\/kerling\/?s=B%C3%BAland\">B\u00faland<\/a><\/td><td><\/td><\/tr><tr><td><a href=\"https:\/\/seldalur.vefir.net\/kerling\/?s=B%C3%BAlandsborg\">B\u00falandsborg<\/a><\/td><td><\/td><\/tr><tr><td><a href=\"https:\/\/seldalur.vefir.net\/kerling\/?s=B%C3%BAlandsh%C3%B6fn\">B\u00falandsh\u00f6fn<\/a><\/td><td><\/td><\/tr><tr><td><a href=\"https:\/\/seldalur.vefir.net\/kerling\/?s=Bygg%C3%B0asand\">Bygg\u00f0asandur<\/a><\/td><td><\/td><\/tr><tr><td><a href=\"https:\/\/seldalur.vefir.net\/kerling\/?s=Damm\">Dammur \/ Sandv\u00edkur Dammur<\/a><\/td><td><\/td><\/tr><tr><td><a href=\"https:\/\/seldalur.vefir.net\/kerling\/?s=d%C3%AD%C3%B6nu\">D\u00ed\u00f6nugil<\/a><\/td><td><\/td><\/tr><tr><td><a href=\"https:\/\/seldalur.vefir.net\/kerling\/?s=duggarab%C3%A1s\">Duggarab\u00e1s<\/a><\/td><td><\/td><\/tr><tr><td><a href=\"https:\/\/seldalur.vefir.net\/kerling\/?s=dys\">Dys \/Vi\u00f0fjar\u00f0ardys<\/a><\/td><td><\/td><\/tr><tr><td><a href=\"https:\/\/seldalur.vefir.net\/kerling\/?s=Dysjardal\">Dysjardalur<\/a><\/td><td><\/td><\/tr><tr><td><a href=\"https:\/\/seldalur.vefir.net\/kerling\/?s=f%C3%ADfusta%C3%B0\">F\u00edfusta\u00f0ir<\/a><\/td><td><\/td><\/tr><tr><td><a href=\"https:\/\/seldalur.vefir.net\/kerling\/?s=ger%C3%B0i+\">Ger\u00f0i \/Bar\u00f0snesger\u00f0i<\/a><\/td><td><\/td><\/tr><tr><td><a href=\"https:\/\/seldalur.vefir.net\/kerling\/?s=ger%C3%B0islending\">Ger\u00f0islending<\/a><\/td><td><\/td><\/tr><tr><td><a href=\"https:\/\/seldalur.vefir.net\/kerling\/?s=ger%C3%B0isstekkur\">Ger\u00f0isstekkur \/ Bar\u00f0snesger\u00f0isstekkur<\/a><\/td><td><\/td><\/tr><tr><td><a href=\"https:\/\/seldalur.vefir.net\/kerling\/?s=Gerpi\">Gerpir<\/a><\/td><td><\/td><\/tr><tr><td><a href=\"https:\/\/seldalur.vefir.net\/kerling\/?s=Gildruhraun\">Gildruhraun<\/a><\/td><td><\/td><\/tr><tr><td><a href=\"https:\/\/seldalur.vefir.net\/kerling\/?s=Gj%C3%A1lp\">Gj\u00e1lp<\/a><\/td><td><\/td><\/tr><tr><td><a href=\"https:\/\/seldalur.vefir.net\/kerling\/?s=Gl%C3%A1ma\">Gl\u00e1ma<\/a><\/td><td><\/td><\/tr><tr><td><a href=\"https:\/\/seldalur.vefir.net\/kerling\/?s=G%C3%B6tuhjall\">G\u00f6tuhjalli<\/a><\/td><td><\/td><\/tr><tr><td><a href=\"https:\/\/seldalur.vefir.net\/kerling\/?s=Gr%C3%A6nanes\">Gr\u00e6nanes<\/a><\/td><td><\/td><\/tr><tr><td><a href=\"https:\/\/seldalur.vefir.net\/kerling\/?s=grenisand\">Grenisandur<\/a><\/td><td><\/td><\/tr><tr><td><a href=\"https:\/\/seldalur.vefir.net\/kerling\/?s=Grenja%C3%B0argj%C3%A1\">Grenja\u00f0argj\u00e1<\/a><\/td><td><\/td><\/tr><tr><td><a href=\"https:\/\/seldalur.vefir.net\/kerling\/?s=Grundarh%C3%BAs\">Grundarh\u00fas<\/a><\/td><td><\/td><\/tr><tr><td><a href=\"https:\/\/seldalur.vefir.net\/kerling\/?s=Gullh\">Gullhamrar<\/a><\/td><td><\/td><\/tr><tr><td><a href=\"https:\/\/seldalur.vefir.net\/kerling\/?s=gull%C3%BE%C3%BAf\">Gull\u00fe\u00fafa<\/a><\/td><td><\/td><\/tr><tr><td><a href=\"https:\/\/seldalur.vefir.net\/kerling\/?s=Gull%C3%BE%C3%BAfuklappir\">Gull\u00fe\u00fafuklappir<\/a><\/td><td><\/td><\/tr><tr><td><a href=\"https:\/\/seldalur.vefir.net\/kerling\/?s=H%C3%A1karlavog\">H\u00e1karlavogur<\/a><\/td><td><\/td><\/tr><tr><td><a href=\"https:\/\/seldalur.vefir.net\/kerling\/?s=Hallandi+\">Hallandi \/ Hallandi stapi<\/a><\/td><td><\/td><\/tr><tr><td><a href=\"https:\/\/seldalur.vefir.net\/kerling\/?s=Hamragar%C3%B0ar\">Hamragar\u00f0ar<\/a><\/td><td><\/td><\/tr><tr><td><a href=\"https:\/\/seldalur.vefir.net\/kerling\/?s=hellisfjar%C3%B0ar%C3%A1\">Hellisfjar\u00f0ar\u00e1<\/a><\/td><td><\/td><\/tr><tr><td><a href=\"https:\/\/seldalur.vefir.net\/kerling\/?s=Hellisfjar%C3%B0arnes\">Hellisfjar\u00f0arnes<\/a><\/td><td><\/td><\/tr><tr><td><a href=\"https:\/\/seldalur.vefir.net\/kerling\/?s=Hellisfjar%C3%B0arsel\">Hellisfjar\u00f0arsel<\/a><\/td><td><\/td><\/tr><tr><td><a href=\"https:\/\/seldalur.vefir.net\/kerling\/?s=Hellisfj%C3%B6r%C3%B0ur\">Hellisfj\u00f6r\u00f0ur<\/a><\/td><td><\/td><\/tr><tr><td><a href=\"https:\/\/seldalur.vefir.net\/kerling\/?s=Hellisfj%C3%B6rukambur\">Hellisfj\u00f6rukambur<\/a><\/td><td><\/td><\/tr><tr><td><a href=\"https:\/\/seldalur.vefir.net\/kerling\/?s=Hestur\">Hestur<\/a><\/td><td><\/td><\/tr><tr><td><a href=\"https:\/\/seldalur.vefir.net\/kerling\/?s=horn+\">Horn<\/a><\/td><td><\/td><\/tr><tr><td><a href=\"https:\/\/seldalur.vefir.net\/kerling\/?s=Hornfont\">Hornfontur<\/a><\/td><td><\/td><\/tr><tr><td><a href=\"https:\/\/seldalur.vefir.net\/kerling\/?s=Hornr%C3%B6st\">Hornr\u00f6st<\/a><\/td><td><\/td><\/tr><tr><td><a href=\"https:\/\/seldalur.vefir.net\/kerling\/?s=Hornr%C3%B6st\"><a href=\"https:\/\/seldalur.vefir.net\/kerling\/?s=Hornsegg\">Hornseggjar<\/a><\/a><\/td><td><\/td><\/tr><tr><td><a href=\"https:\/\/seldalur.vefir.net\/kerling\/?s=Hringurinn\">Hringurinn<\/a><\/td><td><\/td><\/tr><tr><td><a href=\"https:\/\/seldalur.vefir.net\/kerling\/?s=Hundavog\">Hundavogur<\/a><\/td><td><\/td><\/tr><tr><td><a href=\"https:\/\/seldalur.vefir.net\/kerling\/?s=Hundru%C3%B0\">Hundru\u00f0 \/ Sandv\u00edkur Hundru\u00f0<\/a><\/td><td><\/td><\/tr><tr><td><a href=\"https:\/\/seldalur.vefir.net\/kerling\/?s=Illagil\">Illagil<\/a><\/td><td><\/td><\/tr><tr><td><a href=\"https:\/\/seldalur.vefir.net\/kerling\/?s=Karlss\">Karlssta\u00f0ir\u00a0<\/a><\/td><td><\/td><\/tr><tr><td><a href=\"https:\/\/seldalur.vefir.net\/kerling\/?s=Kepping\">Keppingur<\/a><\/td><td><\/td><\/tr><tr><td><a href=\"https:\/\/seldalur.vefir.net\/kerling\/?s=Kerlingarbotn\">Kerlingarbotnar<\/a><\/td><td><\/td><\/tr><tr><td><a href=\"https:\/\/seldalur.vefir.net\/kerling\/?s=Kerlingarskar%C3%B0\">Kerlingarskar\u00f0<\/a><\/td><td><\/td><\/tr><tr><td><a href=\"https:\/\/seldalur.vefir.net\/kerling\/?s=Klif\">Klif<\/a><\/td><td><\/td><\/tr><tr><td><a href=\"https:\/\/seldalur.vefir.net\/kerling\/?s=Knarrarsker\">Knarrarsker<\/a><\/td><td><\/td><\/tr><tr><td><a href=\"https:\/\/seldalur.vefir.net\/kerling\/?s=Kr%C3%B3ksl%C3%A6kur\">Kr\u00f3ksl\u00e6kur<\/a><\/td><td><\/td><\/tr><tr><td><a href=\"https:\/\/seldalur.vefir.net\/kerling\/?s=Krossfjara\">Krossfjara<\/a><\/td><td><\/td><\/tr><tr><td><a href=\"https:\/\/seldalur.vefir.net\/kerling\/?s=Krossfj%C3%B6ruhal\">Krossfj\u00f6ruhali<\/a><\/td><td><\/td><\/tr><tr><td><a href=\"https:\/\/seldalur.vefir.net\/kerling\/?s=kverk\">Kverk<\/a><\/td><td><\/td><\/tr><tr><td><a href=\"https:\/\/seldalur.vefir.net\/kerling\/?s=Kv%C3%ADab%C3%A1s\">Kv\u00edab\u00e1s<\/a><\/td><td><\/td><\/tr><tr><td><a href=\"https:\/\/seldalur.vefir.net\/kerling\/?s=Leirukr%C3%B3k\">Leirukr\u00f3kur<\/a><\/td><td><\/td><\/tr><tr><td><a href=\"https:\/\/seldalur.vefir.net\/kerling\/?s=Lendingarfj\">Lendingarfjara<\/a><\/td><td><\/td><\/tr><tr><td><a href=\"https:\/\/seldalur.vefir.net\/kerling\/?s=Lendingarhjall\">Lendingarhjalli<\/a><\/td><td><\/td><\/tr><tr><td><a href=\"https:\/\/seldalur.vefir.net\/kerling\/?s=Lendingarv%C3%ADk\">Lendingarv\u00edk<\/a><\/td><td><\/td><\/tr><tr><td><a href=\"https:\/\/seldalur.vefir.net\/kerling\/?s=Lundaur%C3%B0\">Lundaur\u00f0<\/a><\/td><td><\/td><\/tr><tr><td><a href=\"https:\/\/seldalur.vefir.net\/kerling\/?s=Malarh%C3%BAs\">Malarh\u00fas<\/a><\/td><td><\/td><\/tr><tr><td><a href=\"https:\/\/seldalur.vefir.net\/kerling\/?s=M%C3%A1r%C3%ADuver\">M\u00e1r\u00eduver<\/a><\/td><td><\/td><\/tr><tr><td><a href=\"https:\/\/seldalur.vefir.net\/kerling\/?s=M%C3%A1r%C3%ADuversb%C3%A1s\">M\u00e1r\u00eduversb\u00e1s<\/a><\/td><td><\/td><\/tr><tr><td><a href=\"https:\/\/seldalur.vefir.net\/kerling\/?s=Marteinsb%C3%A1s\">Marteinsb\u00e1s<\/a><\/td><td><\/td><\/tr><tr><td><a href=\"https:\/\/seldalur.vefir.net\/kerling\/?s=Marteinsbr%C3%ADk\">Marteinsbr\u00edk<\/a><\/td><td><\/td><\/tr><tr><td><a href=\"https:\/\/seldalur.vefir.net\/kerling\/?s=M%C3%A1ssta%C3%B0ir\">M\u00e1ssta\u00f0ir<\/a><\/td><td><\/td><\/tr><tr><td><a href=\"https:\/\/seldalur.vefir.net\/kerling\/?s=+merki\">Merki<\/a><\/td><td><\/td><\/tr><tr><td><a href=\"https:\/\/seldalur.vefir.net\/kerling\/?s=Merki%C3%A1\">Merki\u00e1<\/a><\/td><td><\/td><\/tr><tr><td><a href=\"https:\/\/seldalur.vefir.net\/kerling\/?s=Mi%C3%B0-Sandv%C3%ADk\">Mi\u00f0-Sandv\u00edk<\/a><\/td><td><\/td><\/tr><tr><td><a href=\"https:\/\/seldalur.vefir.net\/kerling\/?s=M%C3%B6lin\">M\u00f6lin<\/a><\/td><td><\/td><\/tr><tr><td><a href=\"https:\/\/seldalur.vefir.net\/kerling\/?s=M%C3%B3nes\">M\u00f3nes<\/a><\/td><td><\/td><\/tr><tr><td><a href=\"https:\/\/seldalur.vefir.net\/kerling\/?s=M%C3%B3nesskar%C3%B0\">M\u00f3nesskar\u00f0<\/a><\/td><td><\/td><\/tr><tr><td><a href=\"https:\/\/seldalur.vefir.net\/kerling\/?s=M%C3%B3nestangar\">M\u00f3nestangar<\/a><\/td><td><\/td><\/tr><tr><td><a href=\"https:\/\/seldalur.vefir.net\/kerling\/?s=N%C3%B3nskar%C3%B0\">N\u00f3nskar\u00f0<\/a><\/td><td><\/td><\/tr><tr><td><a href=\"https:\/\/seldalur.vefir.net\/kerling\/?s=Nor%C3%B0f\">Nor\u00f0fj\u00f6r\u00f0ur<\/a><\/td><td><\/td><\/tr><tr><td><a href=\"https:\/\/seldalur.vefir.net\/kerling\/?s=%C3%93f%C3%A6rib%C3%A1s\">\u00d3f\u00e6rib\u00e1s<\/a><\/td><td><\/td><\/tr><tr><td><a href=\"https:\/\/seldalur.vefir.net\/kerling\/?s=%C3%93lafsmi%C3%B0\">\u00d3lafsmi\u00f0<\/a><\/td><td><\/td><\/tr><tr><td><a href=\"https:\/\/seldalur.vefir.net\/kerling\/?s=Partur\">Partur \/ Sandv\u00edkur Partur<\/a><\/td><td><\/td><\/tr><tr><td><a href=\"https:\/\/seldalur.vefir.net\/kerling\/?s=Rau%C3%B0ubj%C3%B6rg\">Rau\u00f0ubj\u00f6rg<\/a><\/td><td><\/td><\/tr><tr><td><a href=\"https:\/\/seldalur.vefir.net\/kerling\/?s=Sandv%C3%ADk\">Sandv\u00edk<\/a><\/td><td><\/td><\/tr><tr><td><a href=\"https:\/\/seldalur.vefir.net\/kerling\/?s=Sandv%C3%ADkur%C3%A1\">Sandv\u00edkur\u00e1<\/a><\/td><td><\/td><\/tr><tr><td><a href=\"https:\/\/seldalur.vefir.net\/kerling\/?s=Sandv%C3%ADkursel\">Sandv\u00edkursel<\/a><\/td><td><\/td><\/tr><tr><td><a href=\"https:\/\/seldalur.vefir.net\/kerling\/?s=Sandv%C3%ADkurskar%C3%B0\">Sandv\u00edkurskar\u00f0<\/a><\/td><td><\/td><\/tr><tr><td><a href=\"https:\/\/seldalur.vefir.net\/kerling\/?s=Selasand\">Selasandur<\/a><\/td><td><\/td><\/tr><tr><td><a href=\"https:\/\/seldalur.vefir.net\/kerling\/?s=Selavog\">Selavogur<\/a><\/td><td><\/td><\/tr><tr><td><a href=\"https:\/\/seldalur.vefir.net\/kerling\/?s=Sk%C3%A1lab%C3%A1s\">Sk\u00e1lab\u00e1s<\/a><\/td><td><\/td><\/tr><tr><td><a href=\"https:\/\/seldalur.vefir.net\/kerling\/?s=Sk%C3%A1lakl\">Sk\u00e1laklappir<\/a><\/td><td><\/td><\/tr><tr><td><a href=\"https:\/\/seldalur.vefir.net\/kerling\/?s=Sk%C3%A1lar\">Sk\u00e1lar<\/a><\/td><td><\/td><\/tr><tr><td><a href=\"https:\/\/seldalur.vefir.net\/kerling\/?s=skammidalur\">Skammidalur<\/a><\/td><td><\/td><\/tr><tr><td><a href=\"https:\/\/seldalur.vefir.net\/kerling\/?s=Skar%C3%B0skinn\">Skar\u00f0skinn<\/a><\/td><td><\/td><\/tr><tr><td><a href=\"https:\/\/seldalur.vefir.net\/kerling\/?s=Skarfatangabo%C3%B0\">Skarfatangabo\u00f0i<\/a><\/td><td><\/td><\/tr><tr><td><a href=\"https:\/\/seldalur.vefir.net\/kerling\/?s=Skarfatangavog\">Skarfatangavogur<\/a><\/td><td><\/td><\/tr><tr><td><a href=\"https:\/\/seldalur.vefir.net\/kerling\/?s=Skarfatangavog\">Skarfatangi<\/a><\/td><td><\/td><\/tr><tr><td><a href=\"https:\/\/seldalur.vefir.net\/kerling\/?s=Skipafj\">Skipafjara<\/a><\/td><td><\/td><\/tr><tr><td><a href=\"https:\/\/seldalur.vefir.net\/kerling\/?s=Skj%C3%B3lstein\">Skj\u00f3lsteinar<\/a><\/td><td><\/td><\/tr><tr><td><a href=\"https:\/\/seldalur.vefir.net\/kerling\/?s=Skollaskar%C3%B0\">Skollaskar\u00f0<\/a><\/td><td><\/td><\/tr><tr><td><a href=\"https:\/\/seldalur.vefir.net\/kerling\/?s=stampar\">Stampar<\/a><\/td><td><\/td><\/tr><tr><td><a href=\"https:\/\/seldalur.vefir.net\/kerling\/?s=Stu%C3%B0la%C3%A1\">Stu\u00f0la\u00e1<\/a><\/td><td><\/td><\/tr><tr><td><a href=\"https:\/\/seldalur.vefir.net\/kerling\/?s=Stu%C3%B0lahnaus\">Stu\u00f0lahnausar<\/a><\/td><td><\/td><\/tr><tr><td><a href=\"https:\/\/seldalur.vefir.net\/kerling\/?s=Stu%C3%B0lar\">Stu\u00f0lar<\/a><\/td><td><\/td><\/tr><tr><td><a href=\"https:\/\/seldalur.vefir.net\/kerling\/?s=Su%C3%B0urb%C3%A6ir\">Su\u00f0urb\u00e6ir<\/a><\/td><td><\/td><\/tr><tr><td><a href=\"https:\/\/seldalur.vefir.net\/kerling\/?s=Sveinssta%C3%B0aeyri\">Sveinssta\u00f0aeyri<\/a><\/td><td><\/td><\/tr><tr><td><a href=\"https:\/\/seldalur.vefir.net\/kerling\/?s=Sveinssta%C3%B0ir\">Sveinssta\u00f0ir<\/a><\/td><td><\/td><\/tr><tr><td><a href=\"https:\/\/seldalur.vefir.net\/kerling\/?s=Vegaskar%C3%B0\">Vegaskar\u00f0<\/a><\/td><td><\/td><\/tr><tr><td><a href=\"https:\/\/seldalur.vefir.net\/kerling\/?s=Vi%C3%B0fjar%C3%B0ar%C3%A1\">Vi\u00f0fjar\u00f0ar\u00e1<\/a><\/td><td><\/td><\/tr><tr><td><a href=\"https:\/\/seldalur.vefir.net\/kerling\/?s=Vi%C3%B0fjar%C3%B0arbotn\">Vi\u00f0fjar\u00f0arbotn<\/a><\/td><td><\/td><\/tr><tr><td><a href=\"https:\/\/seldalur.vefir.net\/kerling\/?s=Vi%C3%B0fjar%C3%B0arnes\">Vi\u00f0fjar\u00f0arnes<\/a><\/td><td><\/td><\/tr><tr><td><a href=\"https:\/\/seldalur.vefir.net\/kerling\/?s=Vi%C3%B0fjar%C3%B0arsand\">Vi\u00f0fjar\u00f0arsandur<\/a><\/td><td><\/td><\/tr><tr><td><a href=\"https:\/\/seldalur.vefir.net\/kerling\/?s=Stu%C3%B0lahnaus\"><a href=\"https:\/\/seldalur.vefir.net\/kerling\/?s=Vi%C3%B0fj%C3%B6r%C3%B0ur\">Vi\u00f0fj\u00f6r\u00f0ur<\/a><\/a><\/td><td><\/td><\/tr><tr><td><a href=\"https:\/\/seldalur.vefir.net\/kerling\/?s=V%C3%ADkurhei%C3%B0i\">V\u00edkurhei\u00f0i<\/a><\/td><td><\/td><\/tr><tr><td><a href=\"https:\/\/seldalur.vefir.net\/kerling\/?s=Vogatang\">Vogatangi<\/a><\/td><td><\/td><\/tr><tr><td><a href=\"https:\/\/seldalur.vefir.net\/kerling\/?s=%C3%9Eangker\">\u00deangker<\/a><\/td><td><\/td><\/tr><tr><td><a href=\"https:\/\/seldalur.vefir.net\/kerling\/?s=%C3%9Eorgr%C3%ADmsstap\">\u00deorgr\u00edmsstapi<\/a><\/td><td><\/td><\/tr><tr><td><a href=\"https:\/\/seldalur.vefir.net\/kerling\/?s=%C3%9Eorlj%C3%B3tsst\">\u00deorlj\u00f3tssta\u00f0ir<\/a><\/td><td><\/td><\/tr><tr><td><a href=\"https:\/\/seldalur.vefir.net\/kerling\/?s=%C3%86%C3%B0arsker\">\u00c6\u00f0arsker<\/a><\/td><td><\/td><\/tr><\/tbody><\/table><\/figure>\n","protected":false},"excerpt":{"rendered":"<p>Afr\u00e9tt \u00c1lfahraun \u00c1rnat\u00f3ft Bar\u00f0ahaugur Bar\u00f0atangi Bar\u00f0snes Bar\u00f0snesb\u00e6ir Bar\u00f0snesb\u00e1s Bar\u00f0sneshorn B\u00e1sh\u00fas Berg\u00e1 Bjarnaborgartangi Bj\u00f6rnsh\u00fas B\u00f3lav\u00edk Borg Borgareyri Borgir Br\u00e6\u00f0rasandur B\u00faland B\u00falandsborg B\u00falandsh\u00f6fn Bygg\u00f0asandur Dammur \/ Sandv\u00edkur Dammur D\u00ed\u00f6nugil Duggarab\u00e1s Dys \/Vi\u00f0fjar\u00f0ardys Dysjardalur F\u00edfusta\u00f0ir Ger\u00f0i \/Bar\u00f0snesger\u00f0i Ger\u00f0islending Ger\u00f0isstekkur \/ Bar\u00f0snesger\u00f0isstekkur Gerpir Gildruhraun Gj\u00e1lp Gl\u00e1ma G\u00f6tuhjalli Gr\u00e6nanes Grenisandur Grenja\u00f0argj\u00e1 Grundarh\u00fas Gullhamrar Gull\u00fe\u00fafa Gull\u00fe\u00fafuklappir H\u00e1karlavogur Hallandi \/ Hallandi stapi [&hellip;]<\/p>\n","protected":false},"author":1,"featured_media":0,"parent":0,"menu_order":0,"comment_status":"closed","ping_status":"closed","template":"template-blank.php","meta":{"footnotes":""},"class_list":["post-1074","page","type-page","status-publish","hentry"],"_links":{"self":[{"href":"https:\/\/www.kerling.is\/index.php\/wp-json\/wp\/v2\/pages\/1074","targetHints":{"allow":["GET"]}}],"collection":[{"href":"https:\/\/www.kerling.is\/index.php\/wp-json\/wp\/v2\/pages"}],"about":[{"href":"https:\/\/www.kerling.is\/index.php\/wp-json\/wp\/v2\/types\/page"}],"author":[{"embeddable":true,"href":"https:\/\/www.kerling.is\/index.php\/wp-json\/wp\/v2\/users\/1"}],"replies":[{"embeddable":true,"href":"https:\/\/www.kerling.is\/index.php\/wp-json\/wp\/v2\/comments?post=1074"}],"version-history":[{"count":20,"href":"https:\/\/www.kerling.is\/index.php\/wp-json\/wp\/v2\/pages\/1074\/revisions"}],"predecessor-version":[{"id":1585,"href":"https:\/\/www.kerling.is\/index.php\/wp-json\/wp\/v2\/pages\/1074\/revisions\/1585"}],"wp:attachment":[{"href":"https:\/\/www.kerling.is\/index.php\/wp-json\/wp\/v2\/media?parent=1074"}],"curies":[{"name":"wp","href":"https:\/\/api.w.org\/{rel}","templated":true}]}}