{"id":1244,"date":"2026-02-14T16:55:56","date_gmt":"2026-02-14T16:55:56","guid":{"rendered":"https:\/\/seldalur.vefir.net\/kerling\/?page_id=1244"},"modified":"2026-04-12T21:56:16","modified_gmt":"2026-04-12T21:56:16","slug":"leidir-og-kort","status":"publish","type":"page","link":"https:\/\/www.kerling.is\/index.php\/leidir-og-kort\/","title":{"rendered":"G\u00f6tur, sl\u00f3\u00f0ar og fjallask\u00f6r\u00f0"},"content":{"rendered":"\n<h2 class=\"wp-block-heading\">A\u00f0al fer\u00f0alei\u00f0ir milli sv\u00e6\u00f0a \u00ed ey\u00f0ibygg\u00f0um Nor\u00f0fjar\u00f0arhrepp<\/h2>\n\n\n\n<p>Fr\u00e1 su\u00f0ri til nor\u00f0urs voru a\u00f0al g\u00f6ngulei\u00f0ir \u00feessar og nr 2, 4 og 5 einnig hestf\u00e6rar.<\/p>\n\n\n\n<ul class=\"wp-block-list\">\n<li>1. Inn \u00e1 sv\u00e6\u00f0i\u00f0 fr\u00e1 V\u00f6\u00f0lum \u00ed V\u00f6\u00f0lav\u00edk um <a href=\"https:\/\/seldalur.vefir.net\/kerling\/index.php\/2026\/02\/16\/tregaskard-vodlar-sandvik\/\" data-type=\"post\" data-id=\"1298\" target=\"_blank\" rel=\"noreferrer noopener\"><strong>Tregaskar\u00f0<\/strong><\/a> e\u00f0a <a href=\"https:\/\/seldalur.vefir.net\/kerling\/index.php\/2026\/02\/14\/vodlar-gerpisskard-sandvik\/\" data-type=\"post\" data-id=\"1245\" target=\"_blank\" rel=\"noreferrer noopener\"><strong>Gerpisskar\u00f0<\/strong><\/a> til Sandv\u00edkur<\/li>\n\n\n\n<li>2. <a href=\"https:\/\/seldalur.vefir.net\/kerling\/index.php\/2026\/02\/14\/sandvik-studlar\/\" data-type=\"post\" data-id=\"1253\"><strong>Fr\u00e1 Sandv\u00edk yfir \u00e1 Bar\u00f0snes um Sandv\u00edkurskar\u00f0<\/strong><\/a><\/li>\n\n\n\n<li>3. Fr\u00e1 Sandv\u00edk \u00ed Vi\u00f0fj\u00f6r\u00f0 um <a href=\"https:\/\/seldalur.vefir.net\/kerling\/index.php\/2026\/02\/14\/sandvik-vidfjordur\/\" data-type=\"post\" data-id=\"1256\" target=\"_blank\" rel=\"noreferrer noopener\"><strong>Kerlingarskar\u00f0<\/strong><\/a> og <a href=\"https:\/\/seldalur.vefir.net\/kerling\/index.php\/2026\/02\/16\/nonskard-sandvik-vidfjordur\/\" data-type=\"post\" data-id=\"1308\" target=\"_blank\" rel=\"noreferrer noopener\"><strong>N\u00f3nskar\u00f0<\/strong><\/a><\/li>\n\n\n\n<li>4.  Fr\u00e1 Bar\u00f0snesi \u00ed Vi\u00f0fj\u00f6r\u00f0 me\u00f0 str\u00f6ndinni.  \u00dea\u00f0an var gengi\u00f0 \u00e1fram nor\u00f0ur fyrir Vi\u00f0fjar\u00f0arnes me\u00f0fram  sj\u00f3 til Hellisfjar\u00f0ar<\/li>\n\n\n\n<li>5. Fr\u00e1 Hellisfir\u00f0i til Nor\u00f0fjar\u00f0ar. Hellisfjar\u00f0arskri\u00f0ur um G\u00f6tuhjalla \u00e1 Hellisfjar\u00f0arnesi til Gr\u00e6naness \u00ed Nor\u00f0fir\u00f0i<\/li>\n\n\n\n<li>6.  Fr\u00e1 Hellisfjar\u00f0arseli um Hn\u00faka yfir \u00e1 Oddsdal \u00ed Nor\u00f0fir\u00f0i \u00far Hellisfir\u00f0i<\/li>\n<\/ul>\n\n\n\n<h2 class=\"wp-block-heading\"><strong>Ruddar g\u00f6tur <\/strong><\/h2>\n\n\n\n<p>\u00c1ri\u00f0 1951 var ruddur jeppavegur fr\u00e1 <strong>Vi\u00f0fir\u00f0i \u00fat \u00e1 Bar\u00f0snes <\/strong>me\u00f0 jar\u00f0\u00fdtu. Ekki ver\u00f0ur s\u00e9\u00f0 a\u00f0 bori\u00f0 hafi veri\u00f0 ofan\u00ed hann og er hann \u00f3f\u00e6r me\u00f0 \u00f6llu fr\u00e1 Stu\u00f0lum.<\/p>\n\n\n\n<p><strong>Vi\u00f0fjar\u00f0arvegur um Dys (\u00e1\u00f0ur Almannaskar\u00f0)<\/strong> var lag\u00f0ur af V\u00edkurhei\u00f0i milli Rey\u00f0arfjar\u00f0ar og V\u00f6\u00f0lav\u00edkur a\u00f0 mestu leyti me\u00f0 handverkf\u00e6rum og a\u00f0 hluta til me\u00f0 hestum \u00e1 \u00e1runum 1934 til 1942. Sj\u00e1 n\u00e1nar<a href=\"https:\/\/seldalur.vefir.net\/kerling\/index.php\/2026\/02\/17\/vidfjardarvegur\/\" data-type=\"post\" data-id=\"1360\" target=\"_blank\" rel=\"noreferrer noopener\"> <strong>umfj\u00f6llun um Vi\u00f0fjar\u00f0arveg.<\/strong><\/a><\/p>\n\n\n\n<h2 class=\"wp-block-heading\">F\u00e1farnar lei\u00f0ir en f\u00e6rar<\/h2>\n\n\n\n<ul class=\"wp-block-list\">\n<li>1.  Sandv\u00edk &#8211; Bar\u00f0snes um Afr\u00e9ttarskar\u00f0 utan vi\u00f0 Sandfell\/Heppu<\/li>\n\n\n\n<li>2. Sandv\u00edk &#8211; Bar\u00f0snes um S\u00ed\u00f0uskar\u00f0 innan vi\u00f0 Sandfell\/Heppu<\/li>\n\n\n\n<li>3. Hellisfj\u00f6r\u00f0ur &#8211; Rey\u00f0arfj\u00f6r\u00f0ur um Hrafnask\u00f6r\u00f0<\/li>\n\n\n\n<li>4. Hellisfj\u00f6r\u00f0ur &#8211; Rey\u00f0arfj\u00f6r\u00f0ur um Helgusta\u00f0askar\u00f0<\/li>\n\n\n\n<li>5. Hellisfj\u00f6r\u00f0ur &#8211; Nor\u00f0fj\u00f6r\u00f0ur um Hellisfjar\u00f0arskar\u00f0 og Lollaskar\u00f0<\/li>\n<\/ul>\n","protected":false},"excerpt":{"rendered":"<p>A\u00f0al fer\u00f0alei\u00f0ir milli sv\u00e6\u00f0a \u00ed ey\u00f0ibygg\u00f0um Nor\u00f0fjar\u00f0arhrepp Fr\u00e1 su\u00f0ri til nor\u00f0urs voru a\u00f0al g\u00f6ngulei\u00f0ir \u00feessar og nr 2, 4 og 5 einnig hestf\u00e6rar. Ruddar g\u00f6tur \u00c1ri\u00f0 1951 var ruddur jeppavegur fr\u00e1 Vi\u00f0fir\u00f0i \u00fat \u00e1 Bar\u00f0snes me\u00f0 jar\u00f0\u00fdtu. Ekki ver\u00f0ur s\u00e9\u00f0 a\u00f0 bori\u00f0 hafi veri\u00f0 ofan\u00ed hann og er hann \u00f3f\u00e6r me\u00f0 \u00f6llu fr\u00e1 Stu\u00f0lum. Vi\u00f0fjar\u00f0arvegur [&hellip;]<\/p>\n","protected":false},"author":1,"featured_media":0,"parent":0,"menu_order":0,"comment_status":"closed","ping_status":"closed","template":"","meta":{"footnotes":""},"class_list":["post-1244","page","type-page","status-publish","hentry"],"_links":{"self":[{"href":"https:\/\/www.kerling.is\/index.php\/wp-json\/wp\/v2\/pages\/1244","targetHints":{"allow":["GET"]}}],"collection":[{"href":"https:\/\/www.kerling.is\/index.php\/wp-json\/wp\/v2\/pages"}],"about":[{"href":"https:\/\/www.kerling.is\/index.php\/wp-json\/wp\/v2\/types\/page"}],"author":[{"embeddable":true,"href":"https:\/\/www.kerling.is\/index.php\/wp-json\/wp\/v2\/users\/1"}],"replies":[{"embeddable":true,"href":"https:\/\/www.kerling.is\/index.php\/wp-json\/wp\/v2\/comments?post=1244"}],"version-history":[{"count":15,"href":"https:\/\/www.kerling.is\/index.php\/wp-json\/wp\/v2\/pages\/1244\/revisions"}],"predecessor-version":[{"id":1636,"href":"https:\/\/www.kerling.is\/index.php\/wp-json\/wp\/v2\/pages\/1244\/revisions\/1636"}],"wp:attachment":[{"href":"https:\/\/www.kerling.is\/index.php\/wp-json\/wp\/v2\/media?parent=1244"}],"curies":[{"name":"wp","href":"https:\/\/api.w.org\/{rel}","templated":true}]}}