{"id":1517,"date":"2026-03-08T00:09:18","date_gmt":"2026-03-08T00:09:18","guid":{"rendered":"https:\/\/seldalur.vefir.net\/kerling\/?page_id=1517"},"modified":"2026-03-08T21:26:11","modified_gmt":"2026-03-08T21:26:11","slug":"itarefni","status":"publish","type":"page","link":"https:\/\/www.kerling.is\/index.php\/itarefni\/","title":{"rendered":"\u00cdtarefni"},"content":{"rendered":"\n<p><\/p>\n\n\n\n<h2 class=\"wp-block-heading\">Greinar \u00ed t\u00edmaritum um ey\u00f0ibygg\u00f0ir \u00ed Nor\u00f0fjar\u00f0arhreppi hinum forna.<\/h2>\n\n\n\n<ul class=\"wp-block-list\">\n<li><strong>\u00cd landn\u00e1mi Freysteins fagra, \u00fe\u00e1ttur um ey\u00f0ibygg\u00f0 \u00ed Hellisfir\u00f0i og Vi\u00f0fir\u00f0i<\/strong> eftir <em>Arnd\u00edsi \u00deorvaldsd\u00f3ttur<\/em>. Birtist \u00ed<strong> <a href=\"https:\/\/timarit.is\/page\/7550477?iabr=on\" data-type=\"link\" data-id=\"https:\/\/timarit.is\/page\/7550477?iabr=on\" target=\"_blank\" rel=\"noreferrer noopener\">M\u00fala\u00feingi 29. hefti 2002<\/a><\/strong>.<\/li>\n\n\n\n<li><strong>\u00cd landn\u00e1mi Freysteins fagra II, \u00fe\u00e1ttur um ey\u00f0ibygg\u00f0 \u00e1 Bar\u00f0snesi og \u00ed Sandv\u00edk<\/strong> eftir <em>Arnd\u00edsi \u00deorvaldsd\u00f3ttur<\/em>. Birtist \u00ed <a href=\"https:\/\/timarit.is\/page\/7550688?iabr=on\" data-type=\"link\" data-id=\"https:\/\/timarit.is\/page\/7550688?iabr=on\" target=\"_blank\" rel=\"noreferrer noopener\"><strong>M\u00fala\u00feingi 30. hefti 2003<\/strong><\/a>.<\/li>\n\n\n\n<li><strong>Sandv\u00edk austasta bygg\u00f0 \u00e1 \u00cdslandi<\/strong> eftir <em>Sveinbj\u00f6rn Gu\u00f0mundsson<\/em>. Birtist \u00ed <a href=\"https:\/\/timarit.is\/page\/6571913?iabr=on\" data-type=\"link\" data-id=\"https:\/\/timarit.is\/page\/6571913?iabr=on\" target=\"_blank\" rel=\"noreferrer noopener\"><strong>M\u00fala\u00feingi 16. hefti 1988.<\/strong><\/a><\/li>\n\n\n\n<li><strong>Sandv\u00edkurst\u00f3\u00f0i\u00f0, \u00fe\u00e1ttur um s\u00e9rst\u00e6\u00f0an hrossab\u00faskap \u00e1 Austfj\u00f6r\u00f0um<\/strong> eftir <em>Baldur Gr\u00e9tarsson<\/em>. Birtist \u00ed <a href=\"https:\/\/timarit.is\/page\/7552750?iabr=on\" data-type=\"link\" data-id=\"https:\/\/timarit.is\/page\/7552750?iabr=on\" target=\"_blank\" rel=\"noreferrer noopener\"><strong>M\u00fala\u00feingi 41. hefti 2015.<\/strong><\/a><\/li>\n<\/ul>\n\n\n\n<h2 class=\"wp-block-heading\">B\u00e6kur tengdar ey\u00f0isv\u00e6\u00f0i Nor\u00f0fjar\u00f0arhrepps hins forna.<\/h2>\n\n\n\n<ul class=\"wp-block-list\">\n<li><strong>\u00c1rb\u00f3k Fer\u00f0af\u00e9lags \u00cdslands 2005<\/strong>, h\u00f6f. <em>Hj\u00f6rleifur Guttormsson<\/em><\/li>\n\n\n\n<li><strong>Fr\u00e1 skipasm\u00ed\u00f0i til sk\u00f3ger\u00f0ar, I\u00f0nsaga Austurlands s\u00ed\u00f0ari hluti<\/strong>,  h\u00f6f.  <em>Sm\u00e1ri Geirsson<\/em> \u00fatg. Hi\u00f0 \u00edslenska b\u00f3kmenntaf\u00e9lag, 1995.<\/li>\n\n\n\n<li><strong>Kona \u00ed forgrunni: vegfer\u00f0 \u00ed l\u00edfi og list<\/strong> , h\u00f6f.  <em>Alda \u00c1rmanna, <\/em> \u00fatgefin af h\u00f6fundi 2008.<\/li>\n\n\n\n<li><strong>Nor\u00f0fjar\u00f0arb\u00f3k: \u00dej\u00f3\u00f0s\u00f6gur, sagnir og \u00f6rnefnaskr\u00e1r<\/strong> , safnrit  <em>H\u00e1lfdan Haraldsson<\/em> \u00fatg.  H\u00f3lar 2008.<\/li>\n\n\n\n<li><strong>Nor\u00f0fjar\u00f0arsaga I: fr\u00e1 Upphafi bygg\u00f0ar til 1895<\/strong> h\u00f6f <em>\u00d6gmundur Helgason<\/em> \u00fatg. H\u00f3lar 2006.<\/li>\n\n\n\n<li><strong>Nor\u00f0fjar\u00f0arsaga II: fr\u00e1 1895 til 1929<\/strong>, h\u00f6f. <em>Sm\u00e1ri Geirsson<\/em> (tv\u00e6r b\u00e6kur 1. og 2. hluti) \u00fatg. H\u00f3lar 2009.<\/li>\n\n\n\n<li><strong>St\u00f3rhvalavei\u00f0ar vi\u00f0 \u00cdsland til 1915<\/strong>, h\u00f6f.<em> Sm\u00e1ri Geirsson<\/em> \u00fatg.  S\u00f6guf\u00e9lag 2015<\/li>\n\n\n\n<li><strong>Sveitir og jar\u00f0ir \u00ed M\u00fala\u00feingi<\/strong>, \u00feri\u00f0ja bindi \u00fatg. B\u00fana\u00f0arsamband Austurlands 1976<\/li>\n\n\n\n<li><strong>\u00d6rlaganornin a\u00f0 m\u00e9r r\u00e9\u00f0: \u00e6visaga \u00deorsteins Kjarval<\/strong>, h\u00f6f. <em>J\u00f3n Gauti J\u00f3natansson<\/em> \u00fatg.  Helgafell 1954. \u00cd b\u00f3kinni er kafli um vist \u00e1 Bj\u00f6rnsh\u00fasum og sj\u00f3mennsku \u00ed Hellisfir\u00f0i.<\/li>\n<\/ul>\n\n\n\n<p><\/p>\n","protected":false},"excerpt":{"rendered":"<p>Greinar \u00ed t\u00edmaritum um ey\u00f0ibygg\u00f0ir \u00ed Nor\u00f0fjar\u00f0arhreppi hinum forna. B\u00e6kur tengdar ey\u00f0isv\u00e6\u00f0i Nor\u00f0fjar\u00f0arhrepps hins forna.<\/p>\n","protected":false},"author":1,"featured_media":0,"parent":0,"menu_order":0,"comment_status":"closed","ping_status":"closed","template":"","meta":{"footnotes":""},"class_list":["post-1517","page","type-page","status-publish","hentry"],"_links":{"self":[{"href":"https:\/\/www.kerling.is\/index.php\/wp-json\/wp\/v2\/pages\/1517","targetHints":{"allow":["GET"]}}],"collection":[{"href":"https:\/\/www.kerling.is\/index.php\/wp-json\/wp\/v2\/pages"}],"about":[{"href":"https:\/\/www.kerling.is\/index.php\/wp-json\/wp\/v2\/types\/page"}],"author":[{"embeddable":true,"href":"https:\/\/www.kerling.is\/index.php\/wp-json\/wp\/v2\/users\/1"}],"replies":[{"embeddable":true,"href":"https:\/\/www.kerling.is\/index.php\/wp-json\/wp\/v2\/comments?post=1517"}],"version-history":[{"count":6,"href":"https:\/\/www.kerling.is\/index.php\/wp-json\/wp\/v2\/pages\/1517\/revisions"}],"predecessor-version":[{"id":1578,"href":"https:\/\/www.kerling.is\/index.php\/wp-json\/wp\/v2\/pages\/1517\/revisions\/1578"}],"wp:attachment":[{"href":"https:\/\/www.kerling.is\/index.php\/wp-json\/wp\/v2\/media?parent=1517"}],"curies":[{"name":"wp","href":"https:\/\/api.w.org\/{rel}","templated":true}]}}