{"id":1598,"date":"2026-03-10T23:37:17","date_gmt":"2026-03-10T23:37:17","guid":{"rendered":"https:\/\/seldalur.vefir.net\/kerling\/?page_id=1598"},"modified":"2026-03-25T18:30:12","modified_gmt":"2026-03-25T18:30:12","slug":"gonguleidir-a-fjardaslodum","status":"publish","type":"page","link":"https:\/\/www.kerling.is\/index.php\/gonguleidir-a-fjardaslodum\/","title":{"rendered":"G\u00f6ngulei\u00f0ir \u00e1 Fjar\u00f0asl\u00f3\u00f0um"},"content":{"rendered":"\n<p>Kort fr\u00e1 Fer\u00f0af\u00e9lagi Fjar\u00f0amanna, G\u00f6ngulei\u00f0ir \u00e1 Fjar\u00f0asl\u00f3\u00f0um, \u00fatgefi\u00f0 \u00e1ri\u00f0 2011. Hluti \u00feess sem n\u00e6r yfir ey\u00f0ibygg\u00f0irnar. Kortager\u00f0arma\u00f0ur Haf\u00fe\u00f3r Snj\u00f3lfur Helgason. Texti og merkingar fr\u00e1 \u00cdnu Dagbj\u00f6rtu G\u00edslad\u00f3ttur.<\/p>\n\n\n\n<p>Korti\u00f0 er birt \u00e1 \u00feessari s\u00ed\u00f0u me\u00f0 g\u00f3\u00f0f\u00faslegu leyfi \u00feessara a\u00f0ila.<\/p>\n\n\n\n<p>\u00c1 s\u00ednum tima voru allar gr\u00e6nmerktu lei\u00f0irnar stika\u00f0ar. Fer\u00f0af\u00e9lag Fjar\u00f0amanna tekur ekki \u00e1byrg\u00f0 \u00e1 villum e\u00f0a slysum e\u00f0a \u00f6\u00f0ru b\u00f3taskyldu, sem fyrir fer\u00f0amenn kann a\u00f0 koma. Ey\u00f0ilegging stika af v\u00f6ldum d\u00fdra og snj\u00f3fl\u00f3\u00f0a og n\u00fd t\u00e6kni til r\u00f6tunar hefur teki\u00f0 vi\u00f0 hlutverki \u00feeirra. A\u00f0rar merkingar eru \u00ed fullu gildi \u00e1 kortinu.<\/p>\n\n\n\n<figure class=\"wp-block-image size-large\"><a href=\"https:\/\/seldalur.vefir.net\/kerling.is\/kortallt.pdf\" target=\"_blank\" rel=\" noreferrer noopener\"><img loading=\"lazy\" decoding=\"async\" width=\"1024\" height=\"642\" src=\"https:\/\/seldalur.vefir.net\/kerling\/wp-content\/uploads\/2026\/03\/kortfram_stort-1024x642.jpg\" alt=\"\" class=\"wp-image-1599\" srcset=\"https:\/\/www.kerling.is\/wp-content\/uploads\/2026\/03\/kortfram_stort-1024x642.jpg 1024w, https:\/\/www.kerling.is\/wp-content\/uploads\/2026\/03\/kortfram_stort-300x188.jpg 300w, https:\/\/www.kerling.is\/wp-content\/uploads\/2026\/03\/kortfram_stort-768x481.jpg 768w, https:\/\/www.kerling.is\/wp-content\/uploads\/2026\/03\/kortfram_stort-1536x962.jpg 1536w, https:\/\/www.kerling.is\/wp-content\/uploads\/2026\/03\/kortfram_stort-2048x1283.jpg 2048w, https:\/\/www.kerling.is\/wp-content\/uploads\/2026\/03\/kortfram_stort-1920x1203.jpg 1920w, https:\/\/www.kerling.is\/wp-content\/uploads\/2026\/03\/kortfram_stort-600x376.jpg 600w, https:\/\/www.kerling.is\/wp-content\/uploads\/2026\/03\/kortfram_stort-800x501.jpg 800w\" sizes=\"auto, (max-width: 1024px) 100vw, 1024px\" \/><\/a><figcaption class=\"wp-element-caption\">G\u00f6ngulei\u00f0ir \u00e1 Fjar\u00f0asl\u00f3\u00f0um. \u00datgefi\u00f0 af Fer\u00f0af\u00e9lagi Fjar\u00f0amanna. Kortager\u00f0ama\u00f0ur: Haf\u00fe\u00f3r Snj\u00f3lfur Helgason<\/figcaption><\/figure>\n\n\n\n<p><\/p>\n","protected":false},"excerpt":{"rendered":"<p>Kort fr\u00e1 Fer\u00f0af\u00e9lagi Fjar\u00f0amanna, G\u00f6ngulei\u00f0ir \u00e1 Fjar\u00f0asl\u00f3\u00f0um, \u00fatgefi\u00f0 \u00e1ri\u00f0 2011. Hluti \u00feess sem n\u00e6r yfir ey\u00f0ibygg\u00f0irnar. Kortager\u00f0arma\u00f0ur Haf\u00fe\u00f3r Snj\u00f3lfur Helgason. Texti og merkingar fr\u00e1 \u00cdnu Dagbj\u00f6rtu G\u00edslad\u00f3ttur. Korti\u00f0 er birt \u00e1 \u00feessari s\u00ed\u00f0u me\u00f0 g\u00f3\u00f0f\u00faslegu leyfi \u00feessara a\u00f0ila. \u00c1 s\u00ednum tima voru allar gr\u00e6nmerktu lei\u00f0irnar stika\u00f0ar. Fer\u00f0af\u00e9lag Fjar\u00f0amanna tekur ekki \u00e1byrg\u00f0 \u00e1 villum e\u00f0a slysum [&hellip;]<\/p>\n","protected":false},"author":1,"featured_media":0,"parent":0,"menu_order":0,"comment_status":"closed","ping_status":"closed","template":"","meta":{"footnotes":""},"class_list":["post-1598","page","type-page","status-publish","hentry"],"_links":{"self":[{"href":"https:\/\/www.kerling.is\/index.php\/wp-json\/wp\/v2\/pages\/1598","targetHints":{"allow":["GET"]}}],"collection":[{"href":"https:\/\/www.kerling.is\/index.php\/wp-json\/wp\/v2\/pages"}],"about":[{"href":"https:\/\/www.kerling.is\/index.php\/wp-json\/wp\/v2\/types\/page"}],"author":[{"embeddable":true,"href":"https:\/\/www.kerling.is\/index.php\/wp-json\/wp\/v2\/users\/1"}],"replies":[{"embeddable":true,"href":"https:\/\/www.kerling.is\/index.php\/wp-json\/wp\/v2\/comments?post=1598"}],"version-history":[{"count":2,"href":"https:\/\/www.kerling.is\/index.php\/wp-json\/wp\/v2\/pages\/1598\/revisions"}],"predecessor-version":[{"id":1607,"href":"https:\/\/www.kerling.is\/index.php\/wp-json\/wp\/v2\/pages\/1598\/revisions\/1607"}],"wp:attachment":[{"href":"https:\/\/www.kerling.is\/index.php\/wp-json\/wp\/v2\/media?parent=1598"}],"curies":[{"name":"wp","href":"https:\/\/api.w.org\/{rel}","templated":true}]}}