{"id":747,"date":"2025-11-18T20:59:11","date_gmt":"2025-11-18T20:59:11","guid":{"rendered":"https:\/\/seldalur.vefir.net\/kerling\/?page_id=747"},"modified":"2026-04-13T22:24:01","modified_gmt":"2026-04-13T22:24:01","slug":"thjodsogur-og-frasagnir","status":"publish","type":"page","link":"https:\/\/www.kerling.is\/index.php\/thjodsogur-og-frasagnir\/","title":{"rendered":"\u00dej\u00f3\u00f0s\u00f6gur og fr\u00e1sagnir"},"content":{"rendered":"\n<h2 class=\"wp-block-heading\">\u00dej\u00f3\u00f0s\u00f6gur og sagnir<\/h2>\n\n\n\n<ul class=\"wp-block-list\">\n<li><a href=\"https:\/\/kerling.is\/index.php\/2026\/02\/22\/alfkonan-a-bardsnesi\/\" data-type=\"link\" data-id=\"https:\/\/kerling.is\/index.php\/2026\/02\/22\/alfkonan-a-bardsnesi\/\"><strong>\u00c1lfkonan \u00e1 Bar\u00f0snesi<\/strong><\/a><\/li>\n\n\n\n<li style=\"font-style:normal;font-weight:700\"><a href=\"https:\/\/kerling.is\/index.php\/2025\/11\/29\/bardi\/\" data-type=\"link\" data-id=\"https:\/\/kerling.is\/index.php\/2025\/11\/29\/bardi\/\">Bar\u00f0i<\/a><\/li>\n\n\n\n<li style=\"font-style:normal;font-weight:700\"><a href=\"https:\/\/kerling.is\/index.php\/2026\/01\/07\/bardsnesbraedur-og-stori-madurinn\/\" data-type=\"link\" data-id=\"https:\/\/kerling.is\/index.php\/2026\/01\/07\/bardsnesbraedur-og-stori-madurinn\/\">Bar\u00f0snesbr\u00e6\u00f0ur og st\u00f3ri ma\u00f0urinn<\/a><\/li>\n\n\n\n<li style=\"font-style:normal;font-weight:700\"><a href=\"https:\/\/kerling.is\/index.php\/2026\/01\/07\/kerlingarnar-i-nordfjardarhreppi-hinum-forna\/\" data-type=\"link\" data-id=\"https:\/\/kerling.is\/index.php\/2026\/01\/07\/kerlingarnar-i-nordfjardarhreppi-hinum-forna\/\">Kerlingarnar \u00ed Nor\u00f0fjar\u00f0arhreppi hinum forna<\/a><\/li>\n\n\n\n<li style=\"font-style:normal;font-weight:700\"><a href=\"https:\/\/kerling.is\/index.php\/2026\/01\/07\/sandvikur-glaesir\/\" data-type=\"link\" data-id=\"https:\/\/kerling.is\/index.php\/2026\/01\/07\/sandvikur-glaesir\/\">Sandv\u00edkur Gl\u00e6sir<\/a><\/li>\n\n\n\n<li><a href=\"https:\/\/kerling.is\/index.php\/2026\/02\/22\/vidfjardarundrin\/\" data-type=\"link\" data-id=\"https:\/\/kerling.is\/index.php\/2026\/02\/22\/vidfjardarundrin\/\"><strong>Vi\u00f0fjar\u00f0arundrin<\/strong><\/a><\/li>\n<\/ul>\n\n\n\n<p><\/p>\n\n\n\n<h2 class=\"wp-block-heading\">Fr\u00e1sagnir<\/h2>\n\n\n\n<h5 class=\"wp-block-heading\">Bjarni Halld\u00f3r Bjarnason fr\u00e1 Ger\u00f0isstekk<\/h5>\n\n\n\n<ul class=\"wp-block-list\">\n<li style=\"font-style:normal;font-weight:700\"><a href=\"https:\/\/kerling.is\/index.php\/2026\/01\/07\/bjarni-halldor-bjarnason-fra-gerdisstekk\/\" data-type=\"link\" data-id=\"https:\/\/kerling.is\/index.php\/2026\/01\/07\/bjarni-halldor-bjarnason-fra-gerdisstekk\/\">Sv\u00f6r vi\u00f0 spurningaskr\u00e1 \u00dej\u00f3\u00f0minjasafns \u00cdslands<\/a><\/li>\n\n\n\n<li style=\"font-style:normal;font-weight:700\"><a href=\"https:\/\/kerling.is\/index.php\/2026\/02\/14\/tha-braut-alla-hornrost\/\" data-type=\"link\" data-id=\"https:\/\/kerling.is\/index.php\/2026\/02\/14\/tha-braut-alla-hornrost\/\">\u00de\u00e1 braut alla Hornr\u00f6st<\/a><\/li>\n<\/ul>\n\n\n\n<h5 class=\"wp-block-heading\">Bjarni J\u00f3nsson \u00ed \u00derastarlundi<\/h5>\n\n\n\n<ul class=\"wp-block-list\">\n<li style=\"font-style:normal;font-weight:700\"><a href=\"https:\/\/kerling.is\/index.php\/2026\/01\/13\/ljosid-a-bardsnesi\/\" data-type=\"link\" data-id=\"https:\/\/kerling.is\/index.php\/2026\/01\/13\/ljosid-a-bardsnesi\/\">Lj\u00f3si\u00f0 \u00e1 Bar\u00f0snesi<\/a><\/li>\n<\/ul>\n\n\n\n<h5 class=\"wp-block-heading\">Emil Sigd\u00f3r Bj\u00f6rnsson fr\u00e1 Bar\u00f0snesger\u00f0i<\/h5>\n\n\n\n<ul class=\"wp-block-list\">\n<li style=\"font-style:normal;font-weight:700\"><a href=\"https:\/\/kerling.is\/index.php\/2026\/02\/14\/minningar-emils-sigdors-gudmundssonar-fra-bardsnesgerdi\/\" data-type=\"link\" data-id=\"https:\/\/kerling.is\/index.php\/2026\/02\/14\/minningar-emils-sigdors-gudmundssonar-fra-bardsnesgerdi\/\">Minningar Emils Sigd\u00f3rs Gu\u00f0mundssonar fr\u00e1 Bar\u00f0snesger\u00f0i<\/a><\/li>\n<\/ul>\n\n\n\n<h5 class=\"wp-block-heading\">Freysteinn \u00de\u00f3rarinsson<\/h5>\n\n\n\n<ul class=\"wp-block-list\">\n<li style=\"font-style:normal;font-weight:700\"><a href=\"https:\/\/kerling.is\/index.php\/2026\/02\/22\/byggd-aflogdi-vidfirdi-og-a-sudurbaejum\/\" data-type=\"link\" data-id=\"https:\/\/kerling.is\/index.php\/2026\/02\/22\/byggd-aflogdi-vidfirdi-og-a-sudurbaejum\/\">Bygg\u00f0 afl\u00f6g\u00f0 \u00ed Vi\u00f0fir\u00f0i og \u00e1 Bar\u00f0snesb\u00e6jum<\/a><\/li>\n<\/ul>\n\n\n\n<h5 class=\"wp-block-heading\">Marteinn Magn\u00fasson<\/h5>\n\n\n\n<ul class=\"wp-block-list\">\n<li style=\"font-style:normal;font-weight:700\"><a href=\"https:\/\/kerling.is\/index.php\/2025\/11\/18\/fra-aeskuslodum\/\" data-type=\"link\" data-id=\"https:\/\/kerling.is\/index.php\/2025\/11\/18\/fra-aeskuslodum\/\">Fr\u00e1 \u00e6skusl\u00f3\u00f0um<\/a><\/li>\n<\/ul>\n\n\n\n<h5 class=\"wp-block-heading\">\u00de\u00f3r\u00f0ur Sveinsson fr\u00e1 Bar\u00f0snesi<\/h5>\n\n\n\n<ul class=\"wp-block-list\">\n<li style=\"font-style:normal;font-weight:700\"><a href=\"https:\/\/kerling.is\/index.php\/2026\/02\/14\/dufl-og-sjoskrimsli-a-bardsnesi\/\" data-type=\"link\" data-id=\"https:\/\/kerling.is\/index.php\/2026\/02\/14\/dufl-og-sjoskrimsli-a-bardsnesi\/\">Dufl og sj\u00f3skr\u00edmsli \u00e1 Bar\u00f0snesi<\/a><\/li>\n\n\n\n<li><strong><a href=\"https:\/\/kerling.is\/index.php\/2026\/02\/22\/hugleidingar-um-sjavarutveg-a-sudurbaejum-vid-nordfjord\/\" data-type=\"link\" data-id=\"https:\/\/kerling.is\/index.php\/2026\/02\/22\/hugleidingar-um-sjavarutveg-a-sudurbaejum-vid-nordfjord\/\">Huglei\u00f0ingar um sj\u00e1var\u00fatveg \u00e1 Su\u00f0urb\u00e6jum vi\u00f0 Nor\u00f0fj\u00f6r\u00f0<\/a><\/strong><\/li>\n\n\n\n<li style=\"font-style:normal;font-weight:700\"><a href=\"https:\/\/kerling.is\/index.php\/2026\/02\/14\/jol-og-hatidahald-og-svolitid-um-skyldustorf\/\" data-type=\"link\" data-id=\"https:\/\/kerling.is\/index.php\/2026\/02\/14\/jol-og-hatidahald-og-svolitid-um-skyldustorf\/\">J\u00f3l og h\u00e1t\u00ed\u00f0ahald og svol\u00edti\u00f0 um skyldust\u00f6rf<\/a><\/li>\n<\/ul>\n\n\n\n<h6 class=\"wp-block-heading\"><\/h6>\n\n\n\n<h2 class=\"wp-block-heading\">Hlj\u00f3\u00f0uppt\u00f6kur<\/h2>\n\n\n\n<ul class=\"wp-block-list\">\n<li><a href=\"https:\/\/kerling.is\/index.php\/2026\/01\/13\/sjoslys-vid-bardsnes-1898\/\" data-type=\"link\" data-id=\"https:\/\/kerling.is\/index.php\/2026\/01\/13\/sjoslys-vid-bardsnes-1898\/\"><strong>Sj\u00f3slys vi\u00f0 Bar\u00f0snes 1898<\/strong><\/a><\/li>\n\n\n\n<li><a href=\"https:\/\/kerling.is\/index.php\/2026\/01\/13\/sinubruni-i-sandvik\/\" data-type=\"link\" data-id=\"https:\/\/kerling.is\/index.php\/2026\/01\/13\/sinubruni-i-sandvik\/\"><strong>Sinubruni \u00ed Sandv\u00edk<\/strong><\/a><\/li>\n\n\n\n<li><a href=\"https:\/\/kerling.is\/index.php\/2026\/01\/13\/kindabjorgunarsveitin-i-gerpi\/\" data-type=\"link\" data-id=\"https:\/\/kerling.is\/index.php\/2026\/01\/13\/kindabjorgunarsveitin-i-gerpi\/\"><strong>Kindabj\u00f6rgunarsveitin \u00ed Gerpi<\/strong><\/a><\/li>\n\n\n\n<li><a href=\"https:\/\/kerling.is\/index.php\/2026\/01\/13\/furdur-i-sandvik-1967\/\" data-type=\"link\" data-id=\"https:\/\/kerling.is\/index.php\/2026\/01\/13\/furdur-i-sandvik-1967\/\"><strong>Fur\u00f0ur \u00ed Sandv\u00edk 1967<\/strong><\/a><\/li>\n\n\n\n<li style=\"font-style:normal;font-weight:700\"><a href=\"https:\/\/kerling.is\/index.php\/2026\/01\/13\/enskir-skipbrotsmenn-i-sandvik-1932\/\" data-type=\"link\" data-id=\"https:\/\/kerling.is\/index.php\/2026\/01\/13\/enskir-skipbrotsmenn-i-sandvik-1932\/\">Skipsbrotsmenn \u00ed Sandv\u00edk<\/a><\/li>\n<\/ul>\n","protected":false},"excerpt":{"rendered":"<p>\u00dej\u00f3\u00f0s\u00f6gur og sagnir Fr\u00e1sagnir Bjarni Halld\u00f3r Bjarnason fr\u00e1 Ger\u00f0isstekk Bjarni J\u00f3nsson \u00ed \u00derastarlundi Emil Sigd\u00f3r Bj\u00f6rnsson fr\u00e1 Bar\u00f0snesger\u00f0i Freysteinn \u00de\u00f3rarinsson Marteinn Magn\u00fasson \u00de\u00f3r\u00f0ur Sveinsson fr\u00e1 Bar\u00f0snesi Hlj\u00f3\u00f0uppt\u00f6kur<\/p>\n","protected":false},"author":1,"featured_media":748,"parent":0,"menu_order":0,"comment_status":"closed","ping_status":"closed","template":"","meta":{"footnotes":""},"class_list":["post-747","page","type-page","status-publish","has-post-thumbnail","hentry"],"_links":{"self":[{"href":"https:\/\/www.kerling.is\/index.php\/wp-json\/wp\/v2\/pages\/747","targetHints":{"allow":["GET"]}}],"collection":[{"href":"https:\/\/www.kerling.is\/index.php\/wp-json\/wp\/v2\/pages"}],"about":[{"href":"https:\/\/www.kerling.is\/index.php\/wp-json\/wp\/v2\/types\/page"}],"author":[{"embeddable":true,"href":"https:\/\/www.kerling.is\/index.php\/wp-json\/wp\/v2\/users\/1"}],"replies":[{"embeddable":true,"href":"https:\/\/www.kerling.is\/index.php\/wp-json\/wp\/v2\/comments?post=747"}],"version-history":[{"count":26,"href":"https:\/\/www.kerling.is\/index.php\/wp-json\/wp\/v2\/pages\/747\/revisions"}],"predecessor-version":[{"id":1638,"href":"https:\/\/www.kerling.is\/index.php\/wp-json\/wp\/v2\/pages\/747\/revisions\/1638"}],"wp:featuredmedia":[{"embeddable":true,"href":"https:\/\/www.kerling.is\/index.php\/wp-json\/wp\/v2\/media\/748"}],"wp:attachment":[{"href":"https:\/\/www.kerling.is\/index.php\/wp-json\/wp\/v2\/media?parent=747"}],"curies":[{"name":"wp","href":"https:\/\/api.w.org\/{rel}","templated":true}]}}