{"id":758,"date":"2025-11-18T21:58:01","date_gmt":"2025-11-18T21:58:01","guid":{"rendered":"https:\/\/seldalur.vefir.net\/kerling\/?page_id=758"},"modified":"2026-03-08T23:22:25","modified_gmt":"2026-03-08T23:22:25","slug":"saga-og-menning","status":"publish","type":"page","link":"https:\/\/www.kerling.is\/index.php\/saga-og-menning\/","title":{"rendered":"Saga og menning"},"content":{"rendered":"\n<p>Hversdagsmenning \u00fear sem f\u00f3lki\u00f0 deildi kj\u00f6rum og verkum, r\u00e6ddi saman og haf\u00f0i uppi gamanm\u00e1l \u00ed \u00f6nnum dagsins var gj\u00f6ful. Fj\u00f6lmennt var v\u00ed\u00f0a \u00e1 b\u00e6jum, st\u00f3rir barnah\u00f3par, f\u00f3sturb\u00f6rn og skyldmenni, l\u00edf og fj\u00f6r.<\/p>\n\n\n\n<p>F\u00f3lki\u00f0 \u00ed ey\u00f0ibygg\u00f0um Gerpissv\u00e6\u00f0isins kom auk \u00feess saman til a\u00f0 skemmta s\u00e9r b\u00e6\u00f0i innan sv\u00e6\u00f0isins og f\u00f3r einnig til Nor\u00f0fjar\u00f0ar sj\u00f3veg e\u00f0a gangandi. \u00cd sagnakveri Marteins Magn\u00fassonar greinir fr\u00e1 br\u00fa\u00f0kaupi \u00ed Sandv\u00edk \u00e1ri\u00f0 1911. Prests\u00fej\u00f3nustuna h\u00f6f\u00f0u ung hj\u00f3n s\u00f3tt \u00ed \u00fe\u00e9ttb\u00fdli Nor\u00f0fjar\u00f0ar \u00e1 Nesi og voru n\u00fa komin til a\u00f0 halda veislu \u00fear sem f\u00f3lki\u00f0 \u00e1 Bar\u00f0snesi var me\u00f0al annarra gesta. Og veislan st\u00f3\u00f0 fram \u00e1 n\u00e6sta dag \u00fev\u00ed \u00feegar morgna\u00f0i h\u00e9ldu veislugestir \u00fat til leika. \u00deeim m\u00e6tti \u00fe\u00e1 h\u00f3pur erlendra sj\u00f3manna sem haf\u00f0i or\u00f0i\u00f0 skipreika, \u00e1ttu v\u00ednl\u00f6gg a\u00f0 leggja me\u00f0 s\u00e9r en \u00fe\u00e1\u00f0u umhyggju og a\u00f0hlynningu Sandv\u00edkurb\u00faa.<\/p>\n\n\n\n<p>Fj\u00f6rugast og skipulegast var samkomuhald \u00e1 Su\u00f0urb\u00e6jum og Vi\u00f0fir\u00f0i, en \u00fear voru l\u00edka gestir fr\u00e1 \u00f6\u00f0rum b\u00e6jum og v\u00ed\u00f0ar a\u00f0.<\/p>\n\n\n\n<p>\u00cd endurminningum s\u00ednum segir \u00de\u00f3r\u00f0ur Sveinsson fr\u00e1 \u00fev\u00ed \u00feegar Sandv\u00edkingar komu me\u00f0 blys upp \u00ed Sandv\u00edkurskar\u00f0 \u00e1 Gamla\u00e1rskv\u00f6ld og veifu\u00f0u n\u00e1gr\u00f6nnum s\u00ednum nor\u00f0an megin vi\u00f0 Skar\u00f0i\u00f0.<\/p>\n","protected":false},"excerpt":{"rendered":"<p>Hversdagsmenning \u00fear sem f\u00f3lki\u00f0 deildi kj\u00f6rum og verkum, r\u00e6ddi saman og haf\u00f0i uppi gamanm\u00e1l \u00ed \u00f6nnum dagsins var gj\u00f6ful. Fj\u00f6lmennt var v\u00ed\u00f0a \u00e1 b\u00e6jum, st\u00f3rir barnah\u00f3par, f\u00f3sturb\u00f6rn og skyldmenni, l\u00edf og fj\u00f6r. F\u00f3lki\u00f0 \u00ed ey\u00f0ibygg\u00f0um Gerpissv\u00e6\u00f0isins kom auk \u00feess saman til a\u00f0 skemmta s\u00e9r b\u00e6\u00f0i innan sv\u00e6\u00f0isins og f\u00f3r einnig til Nor\u00f0fjar\u00f0ar sj\u00f3veg e\u00f0a gangandi. [&hellip;]<\/p>\n","protected":false},"author":1,"featured_media":728,"parent":0,"menu_order":0,"comment_status":"closed","ping_status":"closed","template":"","meta":{"footnotes":""},"class_list":["post-758","page","type-page","status-publish","has-post-thumbnail","hentry"],"_links":{"self":[{"href":"https:\/\/www.kerling.is\/index.php\/wp-json\/wp\/v2\/pages\/758","targetHints":{"allow":["GET"]}}],"collection":[{"href":"https:\/\/www.kerling.is\/index.php\/wp-json\/wp\/v2\/pages"}],"about":[{"href":"https:\/\/www.kerling.is\/index.php\/wp-json\/wp\/v2\/types\/page"}],"author":[{"embeddable":true,"href":"https:\/\/www.kerling.is\/index.php\/wp-json\/wp\/v2\/users\/1"}],"replies":[{"embeddable":true,"href":"https:\/\/www.kerling.is\/index.php\/wp-json\/wp\/v2\/comments?post=758"}],"version-history":[{"count":12,"href":"https:\/\/www.kerling.is\/index.php\/wp-json\/wp\/v2\/pages\/758\/revisions"}],"predecessor-version":[{"id":1580,"href":"https:\/\/www.kerling.is\/index.php\/wp-json\/wp\/v2\/pages\/758\/revisions\/1580"}],"wp:featuredmedia":[{"embeddable":true,"href":"https:\/\/www.kerling.is\/index.php\/wp-json\/wp\/v2\/media\/728"}],"wp:attachment":[{"href":"https:\/\/www.kerling.is\/index.php\/wp-json\/wp\/v2\/media?parent=758"}],"curies":[{"name":"wp","href":"https:\/\/api.w.org\/{rel}","templated":true}]}}